{"id":5727,"date":"2015-01-06T12:13:43","date_gmt":"2015-01-06T12:13:43","guid":{"rendered":"http:\/\/codex-themes.com\/scalia\/?page_id=5727"},"modified":"2020-06-11T09:13:13","modified_gmt":"2020-06-11T09:13:13","slug":"5727-2","status":"publish","type":"page","link":"https:\/\/shoptech.media\/da\/","title":{"rendered":""},"content":{"rendered":"<p>[vc_row css=&#8221;.vc_custom_1586350533477{margin-top: 0px !important;margin-bottom: 0px !important;border-top-width: 0px !important;border-bottom-width: 0px !important;padding-top: 0px !important;padding-bottom: 0px !important;}&#8221; el_class=&#8221;homepage-banner-slider&#8221;][vc_column][layerslider_vc id=&#8221;1&#8243;][\/vc_column][\/vc_row][vc_row][vc_column]<div class=\"clearboth\"><\/div><div class=\"sc-divider\" style=\"\"><\/div>[\/vc_column][\/vc_row][vc_row css=&#8221;.vc_custom_1583935899994{margin-top: 0px !important;margin-bottom: 0px !important;border-top-width: 0px !important;border-bottom-width: 0px !important;padding-top: 0px !important;padding-bottom: 0px !important;}&#8221;][vc_column css=&#8221;.vc_custom_1583936488549{margin-top: -43px !important;margin-bottom: 0px !important;border-top-width: 0px !important;border-bottom-width: 0px !important;padding-top: 0px !important;padding-bottom: 0px !important;}&#8221;][vc_column_text css=&#8221;.vc_custom_1586426212419{margin-top: 0px !important;margin-bottom: 0px !important;border-top-width: 0px !important;border-bottom-width: 0px !important;padding-top: 0px !important;padding-bottom: 0px !important;}&#8221;]<\/p>\n<h1 style=\"text-align: center;\"><strong>En webshop fra Shoptech &#8211; Din success online<\/strong><\/h1>\n<p>[\/vc_column_text]<div class=\"quickfinder row inline-row inline-row-center\">\n<div id=\"post-5036\" class=\"quickfinder-item col-md-3 col-sm-4 col-xs-6 inline-column quickfinder-item-effect-background-reverse post-5036 scalia_qf_item type-scalia_qf_item status-publish hentry\"> <div class=\"quickfinder-item-image\"> <div class=\"quickfinder-item-image-content \" > <div class=\"sc-icon sc-icon-size-medium angle-90deg sc-icon-shape-circle\" style=\"background-color: #ffffff;border: 2px solid #5101f6;\"><a href=\"#\" target=\"_self\"><span class=\"sc-icon-half-1\" style=\"color: #5101f6;\"><span class=\"back-angle\">&#xe7d2;<\/span><\/span><span class=\"sc-icon-half-2\" style=\"color: #5101f6;\"><span class=\"back-angle\">&#xe7d2;<\/span><\/span><\/a><\/div> <\/div> <\/div> <div class=\"quickfinder-item-info \" > <div class=\"quickfinder-item-title\"><a href=\"#\" class=\"quickfinder-item-link img-circle\" target=\"_self\">Performance<\/a><\/div> <div class=\"quickfinder-item-text\"><a href=\"#\" class=\"quickfinder-item-link img-circle\" target=\"_self\">Performance handler ikke kun om hastighed, men ogs\u00e5 om hvordan s\u00f8gemaskinerne l\u00e6ser din side. Vi har optimeret din shop 100% fra starten af.<\/a><\/div> <\/div> <\/div> <div id=\"post-5037\" class=\"quickfinder-item col-md-3 col-sm-4 col-xs-6 inline-column quickfinder-item-effect-background-reverse post-5037 scalia_qf_item type-scalia_qf_item status-publish hentry\"> <div class=\"quickfinder-item-image\"> <div class=\"quickfinder-item-image-content \" > <div class=\"sc-icon sc-icon-size-medium angle-90deg sc-icon-shape-circle\" style=\"background-color: #ffffff;border: 2px solid #5101f6;\"><a href=\"#\" target=\"_self\"><span class=\"sc-icon-half-1\" style=\"color: #5101f6;\"><span class=\"back-angle\">&#xe7ff;<\/span><\/span><span class=\"sc-icon-half-2\" style=\"color: #5101f6;\"><span class=\"back-angle\">&#xe7ff;<\/span><\/span><\/a><\/div> <\/div> <\/div> <div class=\"quickfinder-item-info \" > <div class=\"quickfinder-item-title\"><a href=\"#\" class=\"quickfinder-item-link img-circle\" target=\"_self\">Sikkerhed<\/a><\/div> <div class=\"quickfinder-item-text\"><a href=\"#\" class=\"quickfinder-item-link img-circle\" target=\"_self\">Vi laver backup hver eneste nat s\u00e5 l\u00e6nge du har din webshop hos os, og vi gemmer backups 1 \u00e5r tilbage. Det er tryghed som er sundt for din forretning.<\/a><\/div> <\/div> <\/div> <div id=\"post-5038\" class=\"quickfinder-item col-md-3 col-sm-4 col-xs-6 inline-column quickfinder-item-effect-background-reverse post-5038 scalia_qf_item type-scalia_qf_item status-publish hentry\"> <div class=\"quickfinder-item-image\"> <div class=\"quickfinder-item-image-content \" > <div class=\"sc-icon sc-icon-size-medium angle-90deg sc-icon-shape-circle\" style=\"background-color: #ffffff;border: 2px solid #5101f6;\"><a href=\"#\" target=\"_self\"><span class=\"sc-icon-half-1\" style=\"color: #5101f6;\"><span class=\"back-angle\">&#xe776;<\/span><\/span><span class=\"sc-icon-half-2\" style=\"color: #5101f6;\"><span class=\"back-angle\">&#xe776;<\/span><\/span><\/a><\/div> <\/div> <\/div> <div class=\"quickfinder-item-info \" > <div class=\"quickfinder-item-title\"><a href=\"#\" class=\"quickfinder-item-link img-circle\" target=\"_self\">Udvikling<\/a><\/div> <div class=\"quickfinder-item-text\"><a href=\"#\" class=\"quickfinder-item-link img-circle\" target=\"_self\">Som experter udvikler vi med nyt\u00e6nkning og brugervenlighed i fokus. S\u00e5dan im\u00f8dekommer vi dine s\u00e6rlige krav til funktioner.<\/a><\/div> <\/div> <\/div> <div id=\"post-5039\" class=\"quickfinder-item col-md-3 col-sm-4 col-xs-6 inline-column quickfinder-item-effect-background-reverse post-5039 scalia_qf_item type-scalia_qf_item status-publish hentry\"> <div class=\"quickfinder-item-image\"> <div class=\"quickfinder-item-image-content \" > <div class=\"sc-icon sc-icon-size-medium angle-90deg sc-icon-shape-circle\" style=\"background-color: #ffffff;border: 2px solid #5101f6;\"><a href=\"#\" target=\"_self\"><span class=\"sc-icon-half-1\" style=\"color: #5101f6;\"><span class=\"back-angle\">&#xe7b8;<\/span><\/span><span class=\"sc-icon-half-2\" style=\"color: #5101f6;\"><span class=\"back-angle\">&#xe7b8;<\/span><\/span><\/a><\/div> <\/div> <\/div> <div class=\"quickfinder-item-info \" > <div class=\"quickfinder-item-title\"><a href=\"#\" class=\"quickfinder-item-link img-circle\" target=\"_self\">Hosting<\/a><\/div> <div class=\"quickfinder-item-text\"><a href=\"#\" class=\"quickfinder-item-link img-circle\" target=\"_self\">Vores E-commerce er en forbedret version af Prestashop, som vi hoster p\u00e5 det bedst mulige server setup, justeret med fokus p\u00e5 hastighed og sikkerhed.<\/a><\/div> <\/div> <\/div>\n<\/div>[\/vc_column][\/vc_row][vc_row equal_height=&#8221;yes&#8221; css=&#8221;.vc_custom_1583938109240{margin-top: -80px !important;border-top-width: 0px !important;padding-top: 0px !important;}&#8221;][vc_column]<div class=\"fullwidth-block clearfix\" style=\"background-color: #ffffff;background-position: center top;background-attachment: fixed;padding-left: 25px;padding-right: 25px;\"><div class=\"container\">[vc_row_inner css=&#8221;.vc_custom_1583937640014{padding-top: 0px !important;padding-right: 100px !important;padding-bottom: 40px !important;padding-left: 100px !important;}&#8221;][vc_column_inner width=&#8221;7\/12&#8243;][vc_column_text]<\/p>\n<h2 style=\"line-height: 46px;\"><small style=\"color: #5101f6;\"><strong>Shoptech<br \/>\n<\/strong><\/small><strong>Vi er tilfreds n\u00e5r du er tilfreds<\/strong><\/h2>\n<p>[\/vc_column_text][vc_column_text]<\/p>\n<ul>\n<li>Vi har lavet mere end 400 webshops<\/li>\n<li>Vi kender alle faldgrupper og typiske problemer<\/li>\n<li>Vi skr\u00e6ddersyer din l\u00f8sning til dine behov<\/li>\n<li>Vi b\u00e5de lytter og r\u00e5dgiver i forhold til dine \u00f8nsker og krav<\/li>\n<li>Med Shoptech i ryggen er du sikret en kompetent faglig viden<\/li>\n<\/ul>\n<p>[\/vc_column_text]<a class=\"sc-button \"  href=\"#kontakt\" target=\"_self\" style=\"\">Vil du vide hvad vi kan g\u00f8re for dig?<\/a>[\/vc_column_inner][vc_column_inner width=&#8221;5\/12&#8243;]<div class=\"sc-image sc-wrapbox sc-wrapbox-style-default rounded-corners sc-wrapbox-position-left\" style=\"\"><div class=\"sc-wrapbox-inner\"><img decoding=\"async\" class=\"sc-wrapbox-element img-responsive\" src=\"https:\/\/shoptech.media\/da\/wp-content\/uploads\/sites\/2\/2020\/03\/order-shop.jpg\" alt=\"\"\/><\/div><\/div>[\/vc_column_inner][\/vc_row_inner][vc_row_inner css=&#8221;.vc_custom_1584370812206{margin-top: 30px !important;border-left-width: 100px !important;padding-top: 0px !important;padding-right: 100px !important;padding-bottom: 40px !important;}&#8221;][vc_column_inner width=&#8221;1\/2&#8243; css=&#8221;.vc_custom_1584370861978{padding-top: 50px !important;}&#8221;]<div class=\"sc-image sc-wrapbox sc-wrapbox-style-default rounded-corners sc-wrapbox-position-right\" style=\"\"><div class=\"sc-wrapbox-inner\"><img decoding=\"async\" class=\"sc-wrapbox-element img-responsive\" src=\"https:\/\/shoptech.media\/da\/wp-content\/uploads\/sites\/2\/2020\/03\/video-shoptech.png\" alt=\"Hj\u00e6lpevideoer p\u00e5 Shoptech\"\/><\/div><\/div>[\/vc_column_inner][vc_column_inner width=&#8221;1\/2&#8243;][vc_column_text]<\/p>\n<h2 style=\"line-height: 46px;\"><small style=\"color: #5101f6;\"><strong>Media<br \/>\n<\/strong><\/small><strong>Integrerede hj\u00e6lpevideoer<\/strong><\/h2>\n<p>[\/vc_column_text][vc_column_text]Dr\u00f8mmer du om din egen webshop, men har en f\u00f8lelse af at det nok er for sv\u00e6rt?<br \/>\nS\u00e5dan har alle haft det i deres startfase, og de erfaringer vi har f\u00e5et via support igennem flere \u00e5r, har vi brugt til at lave guidende videoer ud af. Videoerne har vi bygget ind i systemet, til at hj\u00e6lpe dig der hvor du har brug for det.[\/vc_column_text]<a class=\"sc-button \"  href=\"#kontakt\" target=\"_self\" style=\"\">H\u00f8r hvor let det er<\/a>[\/vc_column_inner][\/vc_row_inner]<\/div><\/div>[\/vc_column][\/vc_row][vc_row][vc_column css=&#8221;.vc_custom_1420800646611{padding-top: 25px !important;padding-bottom: 25px !important;}&#8221;]<div class=\"fullwidth-block clearfix\" style=\"color: #000000;background-color: #ffffff;background-position: center top;background-attachment: fixed;padding-top: 60px;padding-bottom: 60px;padding-left: 25px;padding-right: 25px;\"><div class=\"container\">[vc_row_inner css=&#8221;.vc_custom_1584001566597{padding-right: 100px !important;padding-left: 100px !important;}&#8221;][vc_column_inner width=&#8221;5\/12&#8243;][vc_column_text]<\/p>\n<div class=\"ecom\"><span style=\"border-bottom: 1px solid #000; padding-bottom: 15px;\"><strong>Ny e-commerce<\/strong><\/span><\/div>\n<p>[\/vc_column_text][vc_column_text]<span style=\"color: #000000;\">Hvis du g\u00e5r med en dr\u00f8m om at starte en ny webshop, s\u00e5 kan vi v\u00e6re den helt rigtige udbyder.<br \/>\nHvis du har produktet til online salg, s\u00e5 har vi platformen der kan skubbe dig i gang.<br \/>\nM\u00e5ske ved du lige hvordan du \u00f8nsker din shop, eller m\u00e5ske er du i vildrede med hvordan.<br \/>\nUanset hvad, s\u00e5 hj\u00e6lper vi dig med ekspertviden.<\/span>[\/vc_column_text][\/vc_column_inner][vc_column_inner width=&#8221;1\/6&#8243;][\/vc_column_inner][vc_column_inner width=&#8221;5\/12&#8243;][vc_column_text]<\/p>\n<div class=\"ecom\"><span style=\"border-bottom: 1px solid #000; padding-bottom: 15px;\"><strong>Eksisterende e-commerce<\/strong><\/span><\/div>\n<p>[\/vc_column_text][vc_column_text]<span style=\"color: #000000;\">Er du l\u00e5st fast i et system som du vil fri af, eller har du et system som er for tungt, uddateret eller et system som ikke er fleksibelt?<br \/>\nDer kan v\u00e6re mange grunde til at skifte og opgradere sin webshop.<br \/>\nLad os f\u00e5 en snak og give en trov\u00e6rdig sparring, s\u00e5 du kan se hvorfor Shoptech er noget for dig.<\/span>[\/vc_column_text][\/vc_column_inner][\/vc_row_inner][vc_separator color=&#8221;custom&#8221; border_width=&#8221;2&#8243; css_animation=&#8221;fadeIn&#8221; accent_color=&#8221;#5101f6&#8243;][vc_column_text css_animation=&#8221;fadeIn&#8221; css=&#8221;.vc_custom_1586330251525{margin-top: 50px !important;}&#8221; el_id=&#8221;kontakt&#8221;]<\/p>\n<h3 style=\"text-align: center;\">Start din online v\u00e6kst med Shoptech<\/h3>\n<p>[\/vc_column_text]<div role=\"form\" class=\"wpcf7\" id=\"wpcf7-f2144-o1\" lang=\"en-US\" dir=\"ltr\">\n<div class=\"screen-reader-response\"><\/div>\n<form action=\"\/da\/wp-json\/wp\/v2\/pages\/5727#wpcf7-f2144-o1\" method=\"post\" class=\"wpcf7-form\" novalidate=\"novalidate\">\n<div style=\"display: none;\">\n<input type=\"hidden\" name=\"_wpcf7\" value=\"2144\" \/>\n<input type=\"hidden\" name=\"_wpcf7_version\" value=\"5.1.6\" \/>\n<input type=\"hidden\" name=\"_wpcf7_locale\" value=\"en_US\" \/>\n<input type=\"hidden\" name=\"_wpcf7_unit_tag\" value=\"wpcf7-f2144-o1\" \/>\n<input type=\"hidden\" name=\"_wpcf7_container_post\" value=\"0\" \/>\n<input type=\"hidden\" name=\"g-recaptcha-response\" value=\"\" \/>\n<\/div>\n<table style=\"width: 100%;\" class=\"style-2\" >\n<tr>\n<td>\n<p>Dit navn<br \/>(skal udfyldes)<br \/>\n    <span class=\"wpcf7-form-control-wrap your-name\"><input type=\"text\" name=\"your-name\" value=\"\" size=\"40\" class=\"wpcf7-form-control wpcf7-text wpcf7-validates-as-required\" aria-required=\"true\" aria-invalid=\"false\" \/><\/span> <\/p>\n<\/td>\n<td>\n<p>Din Email<br \/>(skal udfyldes)<br \/>\n    <span class=\"wpcf7-form-control-wrap your-email\"><input type=\"email\" name=\"your-email\" value=\"\" size=\"40\" class=\"wpcf7-form-control wpcf7-text wpcf7-email wpcf7-validates-as-required wpcf7-validates-as-email\" aria-required=\"true\" aria-invalid=\"false\" \/><\/span> <\/p>\n<\/td>\n<td>\n<p>Dit telefonnummer <br \/>(hvis du vil ringes op)<br \/>\n    <span class=\"wpcf7-form-control-wrap dit-telefonnummer\"><input type=\"text\" name=\"dit-telefonnummer\" value=\"\" size=\"40\" class=\"wpcf7-form-control wpcf7-text\" aria-invalid=\"false\" \/><\/span> <\/p>\n<\/td>\n<\/tr>\n<\/table>\n<table style=\"width: 100%;\" class=\"style-2\">\n<tr>\n<td>Jeg vil gerne vide mere om:<br \/>\n    <span class=\"wpcf7-form-control-wrap your-message\"><textarea name=\"your-message\" cols=\"40\" rows=\"10\" class=\"wpcf7-form-control wpcf7-textarea\" aria-invalid=\"false\"><\/textarea><\/span><\/td>\n<\/tr>\n<\/table>\n<p><span class=\"wpcf7-form-control-wrap acceptance-223\"><span class=\"wpcf7-form-control wpcf7-acceptance\"><span class=\"wpcf7-list-item\"><label><input type=\"checkbox\" name=\"acceptance-223\" value=\"1\" aria-invalid=\"false\" \/><span class=\"wpcf7-list-item-label\"><span style=\"font-size:12px\"> Shoptech Media  tager dine data og dit privatliv alvorligt.  Jeg accepterer, ved at sende denne foresp\u00f8rgsel, at mine data bliver behandlet i overensstemmelse med GDPR og Shoptech Media's <a href=\"\/da\/privatlivspolitik-gdpr\">privatlivs politik<\/a>\/span><\/span><\/label><\/span><\/span><\/span><br \/>\nMath Captcha <span class=\"wpcf7-form-control-wrap mathcaptcha-888\">&#x33;&#x30; + <input type=\"text\" name=\"mathcaptcha-888\" value=\"\" size=\"2\" maxlength=\"2\" class=\"wpcf7-form-control wpcf7-mathcaptcha\" aria-required=\"true\" \/> = &#x33;6<\/span><input type=\"hidden\" value=\"0\" name=\"mathcaptcha-888-sn\" \/><br \/>\n<span id=\"wpcf7-69d4215df156a\" class=\"wpcf7-form-control-wrap email-top-wrap\" style=\"display:none !important; visibility:hidden !important;\"><label  class=\"hp-message\">Please leave this field empty.<\/label><input class=\"wpcf7-form-control wpcf7-text\"  type=\"text\" name=\"email-top\" value=\"\" size=\"40\" tabindex=\"-1\" autocomplete=\"nope\" \/><\/span><br \/>\n<input type=\"submit\" value=\"Send Besked\" class=\"wpcf7-form-control wpcf7-submit\" \/><\/p>\n<style>\n.wpcf7-form p {\ntext-align: center;\n}\n.wpcf7-form textarea {\nwidth: 100%;\nheight: 150px;\n}\ntd {\n    padding: 0 12px;\n}\n<\/style>\n<div class=\"wpcf7-response-output wpcf7-display-none\"><\/div><\/form><\/div><\/div><\/div><div class=\"fullwidth-block clearfix\" style=\"color: #ffffff;background-image: url(https:\/\/shoptech.media\/da\/wp-content\/uploads\/sites\/2\/2020\/06\/lightbulb-blue.jpg);background-position: center top;padding-bottom: 20px;padding-left: 25px;padding-right: 25px;\">[vc_row_inner content_placement=&#8221;middle&#8221; css=&#8221;.vc_custom_1591863861040{padding-right: 50px !important;padding-left: 50px !important;}&#8221; el_class=&#8221;blue&#8221;][vc_column_inner css=&#8221;.vc_custom_1584366888751{margin-top: 30px !important;}&#8221;][vc_column_text]<\/p>\n<h4 style=\"text-align: center;\"><span style=\"color: #ffffff;\">Vi g\u00f8r det vi er eksperter i. Det er din garanti for kvalitet.<\/span><\/h4>\n<p>[\/vc_column_text][\/vc_column_inner][\/vc_row_inner][vc_row_inner css=&#8221;.vc_custom_1584366515667{padding-right: 50px !important;padding-left: 50px !important;}&#8221; el_id=&#8221;light-bulbs&#8221;][vc_column_inner width=&#8221;1\/3&#8243; css=&#8221;.vc_custom_1584365345403{padding-right: 5px !important;padding-left: 5px !important;}&#8221;][vc_single_image image=&#8221;10870&#8243; img_size=&#8221;full&#8221; alignment=&#8221;center&#8221;][vc_column_text]<\/p>\n<div class=\"title-h5\" style=\"text-align: center;\"><span style=\"color: #7c7fe1;\"><strong>INDHOLD OG SEO<\/strong><\/span><\/div>\n<p style=\"text-align: center;\"><span style=\"color: #7c7fe1;\">Du st\u00e5r selv for dit indhold, enten p\u00e5 egen h\u00e5nd eller sammen med din SEO ekspert.<br \/>\nS\u00e5 leverer vi systemet der l\u00f8fter det hele.<\/span>[\/vc_column_text][\/vc_column_inner][vc_column_inner width=&#8221;1\/3&#8243; el_id=&#8221;lightbulb-glow&#8221; css=&#8221;.vc_custom_1584365330161{padding-right: 5px !important;padding-left: 5px !important;}&#8221;][vc_single_image image=&#8221;10870&#8243; img_size=&#8221;full&#8221; alignment=&#8221;center&#8221;][vc_column_text]<\/p>\n<h5 style=\"text-align: center;\"><span style=\"color: #ffffff;\"><strong>DESIGN OG FUNKTIONER<\/strong><\/span><\/h5>\n<p style=\"text-align: center;\">Vi bygger dit system, vi sikrer at det ser ud som du \u00f8nsker, at systemet er optimeret, og at det kan levere de resultater som du arbejder for.<\/p>\n<p>[\/vc_column_text][\/vc_column_inner][vc_column_inner width=&#8221;1\/3&#8243; css=&#8221;.vc_custom_1584365360404{padding-right: 5px !important;padding-left: 5px !important;}&#8221;][vc_single_image image=&#8221;10870&#8243; img_size=&#8221;full&#8221; alignment=&#8221;center&#8221;][vc_column_text]<\/p>\n<div class=\"title-h5\" style=\"text-align: center;\"><span style=\"color: #7c7fe1;\"><strong>INTEGRATIONER<\/strong><\/span><\/div>\n<p style=\"text-align: center;\"><span style=\"color: #7c7fe1;\">Installer Facebook Pixel, lav feeds, kampagner og alle de landingsider du vil. Har du s\u00e6rlige behov, s\u00e5 kan vi udvikle det til dig.<\/span><\/p>\n<p>[\/vc_column_text][\/vc_column_inner][\/vc_row_inner]<\/div>[\/vc_column][\/vc_row][vc_row][vc_column css=&#8221;.vc_custom_1420800665201{padding-top: 25px !important;}&#8221;][vc_column_text css=&#8221;.vc_custom_1584448839812{margin-top: 0px !important;margin-bottom: 0px !important;border-top-width: 0px !important;border-bottom-width: 0px !important;padding-top: 0px !important;padding-bottom: 0px !important;}&#8221;]<\/p>\n<h2 style=\"text-align: center;\"><strong>Nogle af vores glade kunder<\/strong><\/h2>\n<p>[\/vc_column_text]<div class=\"fullwidth-block clearfix\" style=\"background-position: center top;background-attachment: fixed;padding-top: 20px;padding-bottom: 50px;padding-left: 25px;padding-right: 25px;\"><div class=\"container\"><div class=\"sc-client-set-title\"> <\/div> <div class=\"sc_client-carousel lazy-loading\" data-ll-item-delay=\"0\"> <div class=\" sc_client_carousel-items\" data-autoscroll='0'> <div class=\"sc-client-item lazy-loading-item\" data-ll-effect=\"drop-right\"> <img loading=\"lazy\" decoding=\"async\" width=\"200\" height=\"200\" src=\"https:\/\/shoptech.media\/da\/wp-content\/uploads\/sites\/2\/2014\/07\/Joybuggy-scalia-person.jpg\" class=\" wp-post-image\" alt=\"Joybuggy\" \/> <\/div> <div class=\"sc-client-item lazy-loading-item\" data-ll-effect=\"drop-right\"> <img loading=\"lazy\" decoding=\"async\" width=\"200\" height=\"200\" src=\"https:\/\/shoptech.media\/da\/wp-content\/uploads\/sites\/2\/2014\/07\/piercingfabrikken-scalia-person.jpg\" class=\" wp-post-image\" alt=\"piercingfabrikken\" \/> <\/div> <div class=\"sc-client-item lazy-loading-item\" data-ll-effect=\"drop-right\"> <img loading=\"lazy\" decoding=\"async\" width=\"200\" height=\"200\" src=\"https:\/\/shoptech.media\/da\/wp-content\/uploads\/sites\/2\/2014\/07\/mostersskur-scalia-person.jpg\" class=\" wp-post-image\" alt=\"Mostersskur\" \/> <\/div> <div class=\"sc-client-item lazy-loading-item\" data-ll-effect=\"drop-right\"> <img loading=\"lazy\" decoding=\"async\" width=\"301\" height=\"98\" src=\"https:\/\/shoptech.media\/da\/wp-content\/uploads\/sites\/2\/2014\/07\/image-1-1-scalia-person.png\" class=\" wp-post-image\" alt=\"Auto-ren\" \/> <\/div> <div class=\"sc-client-item lazy-loading-item\" data-ll-effect=\"drop-right\"> <img loading=\"lazy\" decoding=\"async\" width=\"200\" height=\"200\" src=\"https:\/\/shoptech.media\/da\/wp-content\/uploads\/sites\/2\/2014\/07\/luxstore-scalia-person.jpg\" class=\" wp-post-image\" alt=\"Luxstore\" \/> <\/div> <div class=\"sc-client-item lazy-loading-item\" data-ll-effect=\"drop-right\"> <img loading=\"lazy\" decoding=\"async\" width=\"300\" height=\"81\" src=\"https:\/\/shoptech.media\/da\/wp-content\/uploads\/sites\/2\/2014\/07\/mynewart-logo-e1600925983503-scalia-person.jpg\" class=\" wp-post-image\" alt=\"mynewart\" \/> <\/div> <div class=\"sc-client-item lazy-loading-item\" data-ll-effect=\"drop-right\"> <img loading=\"lazy\" decoding=\"async\" width=\"200\" height=\"200\" src=\"https:\/\/shoptech.media\/da\/wp-content\/uploads\/sites\/2\/2014\/07\/Inoplay-scalia-person.jpg\" class=\" wp-post-image\" alt=\"Inoplay\" \/> <\/div> <div class=\"sc-client-item lazy-loading-item\" data-ll-effect=\"drop-right\"> <img loading=\"lazy\" decoding=\"async\" width=\"200\" height=\"200\" src=\"https:\/\/shoptech.media\/da\/wp-content\/uploads\/sites\/2\/2014\/07\/Madera-scalia-person.jpg\" class=\" wp-post-image\" alt=\"Maderawebshop\" \/> <\/div> <div class=\"sc-client-item lazy-loading-item\" data-ll-effect=\"drop-right\"> <img loading=\"lazy\" decoding=\"async\" width=\"297\" height=\"40\" src=\"https:\/\/shoptech.media\/da\/wp-content\/uploads\/sites\/2\/2014\/07\/Silkefotologo-Black-scalia-person.png\" class=\" wp-post-image\" alt=\"Silkefoto\" \/> <\/div> <div class=\"sc-client-item lazy-loading-item\" data-ll-effect=\"drop-right\"> <img loading=\"lazy\" decoding=\"async\" width=\"300\" height=\"80\" src=\"https:\/\/shoptech.media\/da\/wp-content\/uploads\/sites\/2\/2020\/09\/Untitled-1-scalia-person.jpg\" class=\" wp-post-image\" alt=\"Minida Design Studio\" \/> <\/div> <\/div> <\/div><\/div><\/div>[\/vc_column][\/vc_row]<\/p>\n","protected":false},"excerpt":{"rendered":"<p>[vc_row css=&#8221;.vc_custom_1586350533477{margin-top: 0px !important;margin-bottom: 0px !important;border-top-width: 0px !important;border-bottom-width: 0px !important;padding-top: 0px !important;padding-bottom: 0px !important;}&#8221; el_class=&#8221;homepage-banner-slider&#8221;][vc_column][layerslider_vc id=&#8221;1&#8243;][\/vc_column][\/vc_row][vc_row][vc_column][\/vc_column][\/vc_row][vc_row css=&#8221;.vc_custom_1583935899994{margin-top: 0px !important;margin-bottom: 0px&#8230;<\/p>\n","protected":false},"author":1747,"featured_media":0,"parent":0,"menu_order":0,"comment_status":"closed","ping_status":"closed","template":"","meta":{"footnotes":""},"_links":{"self":[{"href":"https:\/\/shoptech.media\/da\/wp-json\/wp\/v2\/pages\/5727"}],"collection":[{"href":"https:\/\/shoptech.media\/da\/wp-json\/wp\/v2\/pages"}],"about":[{"href":"https:\/\/shoptech.media\/da\/wp-json\/wp\/v2\/types\/page"}],"author":[{"embeddable":true,"href":"https:\/\/shoptech.media\/da\/wp-json\/wp\/v2\/users\/1747"}],"replies":[{"embeddable":true,"href":"https:\/\/shoptech.media\/da\/wp-json\/wp\/v2\/comments?post=5727"}],"version-history":[{"count":125,"href":"https:\/\/shoptech.media\/da\/wp-json\/wp\/v2\/pages\/5727\/revisions"}],"predecessor-version":[{"id":11454,"href":"https:\/\/shoptech.media\/da\/wp-json\/wp\/v2\/pages\/5727\/revisions\/11454"}],"wp:attachment":[{"href":"https:\/\/shoptech.media\/da\/wp-json\/wp\/v2\/media?parent=5727"}],"curies":[{"name":"wp","href":"https:\/\/api.w.org\/{rel}","templated":true}]}}