{"id":4706,"date":"2014-12-23T12:21:08","date_gmt":"2014-12-23T12:21:08","guid":{"rendered":"http:\/\/codex-themes.com\/scalia\/?page_id=4706"},"modified":"2014-12-23T12:21:08","modified_gmt":"2014-12-23T12:21:08","slug":"home-page-2","status":"publish","type":"page","link":"https:\/\/shoptech.media\/da\/pages\/homepage-samples\/home-page-2\/","title":{"rendered":"Home Alternative #2"},"content":{"rendered":"<p>[vc_row][vc_column width=&#8221;1\/1&#8243;]<div class=\"clearboth\"><\/div><div class=\"sc-divider\" style=\"margin-bottom: 1px;\"><\/div>[\/vc_column][\/vc_row][vc_row][vc_column width=&#8221;1\/2&#8243; offset=&#8221;vc_col-lg-3&#8243;]<div class=\"sc-textbox rounded-corners\"  style=\"border: 1px solid #d2dae1;\"><div class=\"sc-textbox-content\" style=\"background-position: center top;\"><div class=\"sc-icon-with-text sc-icon-with-text-icon-size-big centered-box\"><div class=\"sc-icon-with-title sc-icon-with-title-icon-size-big\"><div class=\"sc-icon-with-title-icon\"><div class=\"sc-icon sc-icon-size-big angle-90deg sc-icon-shape-circle sc-simple-icon\" style=\"\"><span class=\"sc-icon-half-1\" style=\"color: #d4e1bc;\"><span class=\"back-angle\">&#xe6e8;<\/span><\/span><span class=\"sc-icon-half-2\" style=\"color: #B9CE94;\"><span class=\"back-angle\">&#xe6e8;<\/span><\/span><\/div><\/div><div class=\"sc-iconed-title\"><h5 style=\"color: #58abb7;\"> MULTI-CONCEPT<\/h5><\/div><\/div><div class=\"sc-icon-with-text-content\"><div class=\"sc-icon-with-text-empty\"><\/div><div class=\"sc-icon-with-text-text\">[vc_column_text]<\/p>\n<p style=\"text-align: center;\">This stunning theme, made in modern trendy style, is multi-concept. It is designed for a wide scope of application &amp; is delivered with 4 unique exciting ready-to-use design templates<\/p>\n<p>[\/vc_column_text]<\/p>\n<div class=\"sc-list sc-list-color-7\">\n<ul>\n<li><a href=\"#\">Read more info<\/a><\/li>\n<\/ul>\n<\/div>\n<p><\/div><\/div><div class=\"clearboth\"><\/div><\/div><\/div><\/div>[\/vc_column][vc_column width=&#8221;1\/2&#8243; offset=&#8221;vc_col-lg-3&#8243;]<div class=\"sc-textbox rounded-corners\"  style=\"border: 1px solid #d2dae1;\"><div class=\"sc-textbox-content\" style=\"background-position: center top;\"><div class=\"sc-icon-with-text sc-icon-with-text-icon-size-big centered-box\"><div class=\"sc-icon-with-title sc-icon-with-title-icon-size-big\"><div class=\"sc-icon-with-title-icon\"><div class=\"sc-icon sc-icon-size-big angle-45deg-r sc-icon-shape-circle sc-simple-icon\" style=\"\"><span class=\"sc-icon-half-1\" style=\"color: #fda8a9;\"><span class=\"back-angle\">&#xe6e1;<\/span><\/span><span class=\"sc-icon-half-2\" style=\"color: #fe706e;\"><span class=\"back-angle\">&#xe6e1;<\/span><\/span><\/div><\/div><div class=\"sc-iconed-title\"><h5 style=\"color: #58abb7;\">AMAZING SUPPORT<\/h5><\/div><\/div><div class=\"sc-icon-with-text-content\"><div class=\"sc-icon-with-text-empty\"><\/div><div class=\"sc-icon-with-text-text\">[vc_column_text]<\/p>\n<p style=\"text-align: center;\">We have made Scalia as very easy-to-use &amp; intuitive WP theme. But if you need any help using Scalia or have any questions, feel free to contact our team of experts just for that.<\/p>\n<p>[\/vc_column_text]<\/p>\n<div class=\"sc-list sc-list-color-7\">\n<ul>\n<li><a href=\"#\">Read more info<\/a><\/li>\n<\/ul>\n<\/div>\n<p><\/div><\/div><div class=\"clearboth\"><\/div><\/div><\/div><\/div>[\/vc_column][vc_column width=&#8221;1\/2&#8243; offset=&#8221;vc_col-lg-3&#8243;]<div class=\"sc-textbox rounded-corners\"  style=\"border: 1px solid #d2dae1;\"><div class=\"sc-textbox-content\" style=\"background-position: center top;\"><div class=\"sc-icon-with-text sc-icon-with-text-icon-size-big centered-box\"><div class=\"sc-icon-with-title sc-icon-with-title-icon-size-big\"><div class=\"sc-icon-with-title-icon\"><div class=\"sc-icon sc-icon-size-big angle-90deg sc-icon-shape-circle sc-simple-icon\" style=\"\"><span class=\"sc-icon-half-1\" style=\"color: #fdbf95;\"><span class=\"back-angle\">&#xe6df;<\/span><\/span><span class=\"sc-icon-half-2\" style=\"color: #ff9352;\"><span class=\"back-angle\">&#xe6df;<\/span><\/span><\/div><\/div><div class=\"sc-iconed-title\"><h5 style=\"color: #58abb7;\">FAST & PERFORMANT<\/h5><\/div><\/div><div class=\"sc-icon-with-text-content\"><div class=\"sc-icon-with-text-empty\"><\/div><div class=\"sc-icon-with-text-text\">[vc_column_text]<\/p>\n<p style=\"text-align: center;\">This powerful WP theme was optimised to get the best performance results. Tested with pagespeed insights &amp; co., it delivers even better results with super cache &amp; minification.<\/p>\n<p>[\/vc_column_text]<\/p>\n<div class=\"sc-list sc-list-color-7\">\n<ul>\n<li><a href=\"#\">Read more info<\/a><\/li>\n<\/ul>\n<\/div>\n<p><\/div><\/div><div class=\"clearboth\"><\/div><\/div><\/div><\/div>[\/vc_column][vc_column width=&#8221;1\/2&#8243; offset=&#8221;vc_col-lg-3&#8243;]<div class=\"sc-textbox rounded-corners\"  style=\"border: 1px solid #d2dae1;\"><div class=\"sc-textbox-content\" style=\"background-position: center top;\"><div class=\"sc-icon-with-text sc-icon-with-text-icon-size-big centered-box\"><div class=\"sc-icon-with-title sc-icon-with-title-icon-size-big\"><div class=\"sc-icon-with-title-icon\"><div class=\"sc-icon sc-icon-size-big angle-45deg-l sc-icon-shape-square sc-simple-icon\" style=\"\"><span class=\"sc-icon-half-1\" style=\"color: #d6afc7;\"><span class=\"back-angle\">&#xe717;<\/span><\/span><span class=\"sc-icon-half-2\" style=\"color: #b77d9e;\"><span class=\"back-angle\">&#xe717;<\/span><\/span><\/div><\/div><div class=\"sc-iconed-title\"><h5 style=\"color: #58abb7;\"> BUILT-IN MEGA MENU<\/h5><\/div><\/div><div class=\"sc-icon-with-text-content\"><div class=\"sc-icon-with-text-empty\"><\/div><div class=\"sc-icon-with-text-text\">[vc_column_text]<\/p>\n<p style=\"text-align: center;\">Scalia comes with built-in mega menu options. You can customize anything: size, layout\/columns, background with images, set icons, control paddings and much more.<\/p>\n<p>[\/vc_column_text]<\/p>\n<div class=\"sc-list sc-list-color-7\">\n<ul>\n<li><a href=\"#\">Read more info<\/a><\/li>\n<\/ul>\n<\/div>\n<p><\/div><\/div><div class=\"clearboth\"><\/div><\/div><\/div><\/div>[\/vc_column][\/vc_row][vc_row][vc_column width=&#8221;1\/1&#8243;]<div class=\"clearboth\"><\/div><div class=\"sc-divider\" style=\"margin-bottom: 10px;\"><\/div>[\/vc_column][\/vc_row][vc_row][vc_column width=&#8221;3\/4&#8243;][vc_column_text]<\/p>\n<div class=\"title-h3\">SERVICES WE PROVIDE<\/div>\n<p>[\/vc_column_text][vc_accordion active_tab=&#8221;1&#8243;][vc_accordion_tab title=&#8221;Web development&#8221;][vc_column_text]Maecenas semper urna ut nisi imperdiet ornare sit amet nec felis. Proin id elementum erat. Curabitur iaculis nisl non diam vulputate egestas. Aenean tincidunt convallis nunc, sit amet fermentum mi viverra ut. Phasellus at mollis sem. Duis vel pharetra ligula. Phasellus turpis sapien, molestie sit amet orci sit amet, laoreet suscipit massa. In hac habitasse platea dictumst. Phasellus vel sem sit amet turpis suscipit lobortis. Ut sit amet varius quam. Donec mi lacus, mollis a elementum a, venenatis eget enim. Nunc laoreet augue non fermentum bibendum. Integer sed nunc suscipit, mattis nibh eu, volutpat risus. Vestibulum vitae ullamcorper urna. Integer scelerisque diam nec libero lobortis luctus. Praesent lorem dolor, tincidunt ac magna ut, tristique scelerisque lacus. Phasellus turpis sapien, molestie sit amet orci sit amet, laoreet suscipit massa. In hac habitasse platea dictumst. Phasellus vel sem sit amet turpis suscipit lobortis. Ut sit amet varius quam. Donec mi lacus. Curabitur iaculis nisl non diam vulputate egestas.[\/vc_column_text][\/vc_accordion_tab][vc_accordion_tab title=&#8221;API, SEO &amp; Marketing&#8221;][vc_column_text]Lorem ipsum dolor sit amet, consectetur adipiscing elit. Phasellus luctus quam vitae sem molestie, et fringilla lectus rhoncus. Cras vel dolor tincidunt, rutrum mi eget, cursus ipsum. Nunc a sem sed purus hendrerit mollis sit amet sed orci. Donec sapien ligula, rutrum ut nunc at, pellentesque ullamcorper ante. Nulla ullamcorper venenatis lobortis. Nulla finibus diam eu laoreet eleifend. Cum sociis natoque penatibus et magnis dis parturient montes, nascetur ridiculus mus. Phasellus et urna volutpat, pulvinar ligula eget, pellentesque enim. Donec eget enim rhoncus, dictum leo quis, pretium lorem. Phasellus non tristique augue, vitae auctor libero. Aenean feugiat dignissim erat, at fermentum neque ornare in. Fusce ipsum mauris, volutpat tincidunt tincidunt viverra, tincidunt a quam. Integer non leo blandit felis blandit sollicitudin. Aenean ipsum orci, pharetra et fringilla non, pretium in mauris. Proin tempus mattis nibh, non luctus lorem eleifend sed. Donec hendrerit, turpis ac tempor congue, neque risus lobortis purus, quis pulvinar arcu enim sed ante. Nunc semper lacus id nisi ornare tincidunt.[\/vc_column_text][\/vc_accordion_tab][vc_accordion_tab title=&#8221;Human interaction&#8221;][vc_column_text]Proin risus elit, consectetur vel posuere id, sollicitudin id dui. Pellentesque auctor, sem eget volutpat vehicula, elit purus aliquet dolor, sit amet dictum nulla quam sit amet velit. Mauris purus tortor, mattis non pulvinar vel, sagittis varius risus. Vivamus et faucibus nibh, eget sollicitudin nisi. Praesent arcu eros, mattis nec risus eget, egestas sollicitudin justo. Curabitur ante neque, consectetur vitae nibh eu, euismod laoreet felis. Nulla vitae sapien vitae mi pellentesque bibendum in sed dui. Ut id odio eget odio cursus rutrum at non leo. Fusce egestas lectus lorem, eu lobortis ante rutrum ac. Cras ex arcu, varius nec augue sed, consequat bibendum ex. Nunc in tortor vitae risus consequat tempor. Ut ut finibus nisl. Donec auctor risus odio, sit amet dictum urna lobortis eu. Praesent purus tortor, luctus sed elementum porttitor, ultrices non mi. Fusce semper ultrices consequat. Curabitur fringilla lacus vitae erat dictum, eu faucibus tortor rhoncus.[\/vc_column_text][\/vc_accordion_tab][vc_accordion_tab title=&#8221;GALLERY OF OUR FAMOUS WORKS&#8221;][vc_column_text]c in sapien ac quam tempus consequat ut sit amet velit. Quisque malesuada eros nec tellus porta pulvinar. Nullam tellus erat, pharetra sit amet ornare scelerisque, congue at quam. Nunc pulvinar maximus enim, auctor tristique elit pharetra in. Proin et convallis lorem, in egestas ante. Aliquam sit amet ornare lectus. Aenean tristique quis nisl vitae lacinia. Curabitur ex lectus, venenatis non nisl id, venenatis bibendum nibh. In vulputate elit sit amet libero euismod, vel elementum augue ullamcorper. Etiam orci elit, placerat vitae quam quis, malesuada rhoncus lorem. Vestibulum tempor quam vitae ante molestie imperdiet. Sed mattis leo cursus tincidunt varius. Proin id arcu neque. Curabitur porttitor commodo ligula eu eleifend. Aenean commodo massa in massa scelerisque, non ullamcorper elit laoreet. Etiam sed libero quis lacus pellentesque porta ut in turpis. Nulla id venenatis dui. Cum sociis natoque penatibus et magnis dis parturient montes, nascetur ridiculus mus. Duis ullamcorper a tellus sollicitudin pellentesque. Cum sociis natoque penatibus et magnis dis parturient montes, nascetur ridiculus mus. Praesent maximus, metus nec ornare dictum, sem lectus bibendum orci, sed vestibulum dolor ex sed felis.[\/vc_column_text][\/vc_accordion_tab][\/vc_accordion][\/vc_column][vc_column width=&#8221;1\/4&#8243;][vc_column_text]<\/p>\n<div class=\"title-h3\">CLIENTS&#8217;S SAY<\/div>\n<p>[\/vc_column_text][vc_widget_sidebar sidebar_id=&#8221;page-sidebar&#8221;][\/vc_column][\/vc_row][vc_row][vc_column width=&#8221;1\/1&#8243;]<div class=\"clearboth\"><\/div><div class=\"sc-divider\" style=\"margin-bottom: 57px;\"><\/div><div class=\"clearboth\"><\/div><div class=\"sc-divider\" style=\"\"><\/div><div class=\"fullwidth-block clearfix\" style=\"background-color: #f1f5f8;background-image: url(https:\/\/shoptech.media\/da\/wp-content\/uploads\/sites\/2\/2014\/12\/Parallax-Background-Light-02.jpg);background-position: center top;background-attachment: fixed;padding-top: 50px;padding-bottom: 50px;padding-left: 25px;padding-right: 25px;\"><div class=\"container\">[vc_row_inner][vc_column_inner width=&#8221;1\/1&#8243;]<div class=\"clearboth\"><\/div><div class=\"sc-divider\" style=\"margin-top: 17px;margin-bottom: 27px;\"><\/div>[vc_posts_slider type=&#8221;flexslider_fade&#8221; interval=&#8221;3&#8243; slides_content=&#8221;teaser&#8221; link=&#8221;link_post&#8221; order=&#8221;DESC&#8221; posttypes=&#8221;page&#8221; posts_in=&#8221;3806,3808&#8243;]<div class=\"clearboth\"><\/div><div class=\"sc-divider\" style=\"margin-bottom: 10px;\"><\/div>[\/vc_column_inner][\/vc_row_inner]<\/div><\/div><div class=\"clearboth\"><\/div><div class=\"sc-divider\" style=\"margin-bottom: 57px;\"><\/div>[\/vc_column][\/vc_row][vc_row][vc_column width=&#8221;2\/3&#8243;][vc_column_text]<\/p>\n<h3>OUR MISSION<\/h3>\n<p>[\/vc_column_text]<div class=\"clearboth\"><\/div><div class=\"sc-divider\" style=\"margin-bottom: 6px;\"><\/div><div class=\"sc-textbox rounded-corners shadow-box\"  style=\"border: 1px solid #d2dae1;\"><div class=\"sc-textbox-content\" style=\"background-position: center top;\"><div class=\"clearboth\"><\/div><div class=\"sc-divider\" style=\"margin-bottom: -11px;\"><\/div><div class=\"sc-dropcap sc-dropcap-shape-circle sc-dropcap-style-medium\"><span class=\"sc-dropcap-letter\" style=\"color: #ffffff;background-color: #4a93a8;border: 2px solid #ffffff;\">1<\/span><\/div>[vc_column_text]<\/p>\n<div class=\"styled-subtitle\"><span style=\"color: #4a93a8;\">Most advanced best-of-breed all-in-one wordpress theme<\/span><\/div>\n<p>[\/vc_column_text]<div class=\"clearboth\"><\/div><div class=\"sc-divider\" style=\"margin-top: 15px;margin-bottom: 11px;border-color: #d2dae1;\"><\/div><div class=\"sc-dropcap sc-dropcap-shape-circle sc-dropcap-style-medium\"><span class=\"sc-dropcap-letter\" style=\"color: #ffffff;background-color: #4ec0ac;border: 2px solid #ffffff;\">2<\/span><\/div>[vc_column_text]<\/p>\n<div class=\"styled-subtitle\"><span style=\"color: #4ec0ac;\">Highest quality in code standards &#038; visual aesthetics<br \/>\n<\/span><\/div>\n<p>[\/vc_column_text]<div class=\"clearboth\"><\/div><div class=\"sc-divider\" style=\"margin-top: 15px;margin-bottom: 12px;border-color: #d2dae1;\"><\/div><div class=\"sc-dropcap sc-dropcap-shape-circle sc-dropcap-style-medium\"><span class=\"sc-dropcap-letter\" style=\"color: #ffffff;background-color: #8bbc7c;border: 2px solid #ffffff;\">3<\/span><\/div>[vc_column_text]<\/p>\n<div class=\"styled-subtitle\"><span style=\"color: #8bbc7c;\">Top-notch support for absolute customer&#8217;s satisfaction<\/span><\/div>\n<p>[\/vc_column_text]<\/div><\/div>[\/vc_column][vc_column width=&#8221;1\/3&#8243;][vc_column_text]<\/p>\n<div class=\"title-h3\">OUR STRENGTHS<\/div>\n<p>[\/vc_column_text]<div class=\"diagram-item\"><div class=\"diagram-wrapper\"><div class=\"\" ><div class=\"digram-line-box \" ><div class=\"skill-element\"><div class=\"skill-title\">Usability & Design<\/div><div class=\"clearfix\"><div class=\"skill-amount\">89%<\/div><div class=\"skill-line\"><div data-amount=\"89\" style=\"width: 0; background: #4c5867;\"><\/div><\/div><\/div><\/div><div class=\"skill-element\"><div class=\"skill-title\">Conceptual Analysis<\/div><div class=\"clearfix\"><div class=\"skill-amount\">74%<\/div><div class=\"skill-line\"><div data-amount=\"74\" style=\"width: 0; background: #4c5867;\"><\/div><\/div><\/div><\/div><div class=\"skill-element\"><div class=\"skill-title\">Programming<\/div><div class=\"clearfix\"><div class=\"skill-amount\">95%<\/div><div class=\"skill-line\"><div data-amount=\"95\" style=\"width: 0; background: #4c5867;\"><\/div><\/div><\/div><\/div><div class=\"skill-element\"><div class=\"skill-title\">Databases<\/div><div class=\"clearfix\"><div class=\"skill-amount\">75%<\/div><div class=\"skill-line\"><div data-amount=\"75\" style=\"width: 0; background: #4c5867;\"><\/div><\/div><\/div><\/div><div class=\"skill-element\"><div class=\"skill-title\">UI Development<\/div><div class=\"clearfix\"><div class=\"skill-amount\">91%<\/div><div class=\"skill-line\"><div data-amount=\"91\" style=\"width: 0; background: #4c5867;\"><\/div><\/div><\/div><\/div><\/div><\/div><\/div><\/div>[\/vc_column][\/vc_row][vc_row][vc_column width=&#8221;1\/1&#8243;]<div class=\"clearboth\"><\/div><div class=\"sc-divider\" style=\"margin-bottom: 47px;\"><\/div><div class=\"fullwidth-block clearfix\" style=\"background-color: #f1f5f8;background-image: url(https:\/\/shoptech.media\/da\/wp-content\/uploads\/sites\/2\/2014\/12\/Parallax-Background-Dark-07.jpg);background-position: center top;background-attachment: fixed;padding-top: 50px;padding-bottom: 50px;padding-left: 25px;padding-right: 25px;\"><div class=\"container\"><div class=\"clearboth\"><\/div><div class=\"sc-divider\" style=\"margin-top: 17px;margin-bottom: 27px;\"><\/div><div class=\"sc-icon-with-text sc-alert-box clearfix sc-icon-with-text-icon-size-big\" style=\"\"><div class=\"sc-alert-box-image\"><img decoding=\"async\" src=\"https:\/\/shoptech.media\/da\/wp-content\/uploads\/sites\/2\/2014\/07\/scalia.png\" alt=\"\"><\/div><div class=\"sc-icon-with-text-content\">[vc_column_text]<span class=\"styled-subtitle\" style=\"color: #ffffff;\">Fun and easy to setup! Create the site of your dream in a few clicks with all demo content included.<\/span>[\/vc_column_text]<\/div><div class=\"sc-alert-box-button\"><a class=\"sc-button \"  href=\"#\" target=\"_self\" style=\"background-color: #ff7070;\">PURCHASE SCALIA<\/a><\/div><div class=\"clearboth\"><\/div><\/div><div class=\"clearboth\"><\/div><div class=\"sc-divider\" style=\"margin-bottom: 10px;\"><\/div><\/div><\/div><div class=\"clearboth\"><\/div><div class=\"sc-divider\" style=\"margin-bottom: 57px;\"><\/div>[\/vc_column][\/vc_row][vc_row][vc_column width=&#8221;1\/1&#8243;][vc_column_text]<\/p>\n<div class=\"title-h3\" style=\"text-align: center;\">LATEST FROM THE BLOG<\/div>\n<p>[\/vc_column_text][\/vc_column][\/vc_row][vc_row][vc_column width=&#8221;1\/1&#8243;]<div class=\"preloader\"><\/div><div class=\"blog blog-style-4x clearfix blog-style-masonry \"> <article id=\"post-78\" class=\"col-lg-3 col-md-3 col-sm-4 col-xs-6 post-78 scalia_news type-scalia_news status-publish has-post-thumbnail hentry\"> <a href=\"https:\/\/shoptech.media\/da\/news\/news-1\/\" class=\"default\"> <img loading=\"lazy\" decoding=\"async\" width=\"300\" height=\"283\" src=\"https:\/\/shoptech.media\/da\/wp-content\/uploads\/sites\/2\/2014\/07\/cereals-100263_1280-300x283.jpg\" class=\"img-responsive wp-post-image\" alt=\"\" srcset=\"https:\/\/shoptech.media\/da\/wp-content\/uploads\/sites\/2\/2014\/07\/cereals-100263_1280-300x283.jpg 300w, https:\/\/shoptech.media\/da\/wp-content\/uploads\/sites\/2\/2014\/07\/cereals-100263_1280-768x725.jpg 768w, https:\/\/shoptech.media\/da\/wp-content\/uploads\/sites\/2\/2014\/07\/cereals-100263_1280.jpg 791w\" sizes=\"(max-width: 300px) 100vw, 300px\" \/> <\/a> <div class=\"description\"> <div class=\"title\"><a href=\"https:\/\/shoptech.media\/da\/news\/news-1\/\" rel=\"bookmark\">Hackere angriber din webshop n\u00e5r du bliver mere popul\u00e6r.<\/a><\/div> <div class=\"summary\"> \u00a0Hackere og spammere bliver desv\u00e6rre ofte et problem n\u00e5r du bliver st\u00f8rre. <\/div> <div class=\"info clearfix\"> <span class=\"date\">22 januar 2020<\/span> <span class=\"more-link \"><a href=\"https:\/\/shoptech.media\/da\/news\/news-1\/\">Read more<\/a><\/span> <\/div> <\/div> <\/article> <article id=\"post-4279\" class=\"col-lg-3 col-md-3 col-sm-4 col-xs-6 post-4279 scalia_news type-scalia_news status-publish has-post-thumbnail hentry scalia_news_sets-news_splash\"> <a href=\"https:\/\/shoptech.media\/da\/news\/duis-sed-sodales-nisl-etiam-porttitor-sit-amet-tortor-a-fringilla-2\/\" class=\"default\"> <img loading=\"lazy\" decoding=\"async\" width=\"300\" height=\"234\" src=\"https:\/\/shoptech.media\/da\/wp-content\/uploads\/sites\/2\/2015\/01\/shutterstock_228152602-300x234.jpg\" class=\"img-responsive wp-post-image\" alt=\"\" srcset=\"https:\/\/shoptech.media\/da\/wp-content\/uploads\/sites\/2\/2015\/01\/shutterstock_228152602-300x234.jpg 300w, https:\/\/shoptech.media\/da\/wp-content\/uploads\/sites\/2\/2015\/01\/shutterstock_228152602-1024x798.jpg 1024w, https:\/\/shoptech.media\/da\/wp-content\/uploads\/sites\/2\/2015\/01\/shutterstock_228152602-768x599.jpg 768w, https:\/\/shoptech.media\/da\/wp-content\/uploads\/sites\/2\/2015\/01\/shutterstock_228152602.jpg 1280w\" sizes=\"(max-width: 300px) 100vw, 300px\" \/> <\/a> <div class=\"description\"> <div class=\"title\"><a href=\"https:\/\/shoptech.media\/da\/news\/duis-sed-sodales-nisl-etiam-porttitor-sit-amet-tortor-a-fringilla-2\/\" rel=\"bookmark\">Glamour Photoshooting<\/a><\/div> <div class=\"summary\"> Lorem ipsum dolor sit amet, consectetur adipiscing elit. Proin molestie quam sit amet magna venenatis cursus. Mauris nisi eros, efficitur sit amet fringilla non, luctus in arcu. Morbi nec mollis libero. Sed ac orci pretium lorem ullamcorper. <\/div> <div class=\"info clearfix\"> <span class=\"date\">10 januar 2015<\/span> <span class=\"more-link \"><a href=\"https:\/\/shoptech.media\/da\/news\/duis-sed-sodales-nisl-etiam-porttitor-sit-amet-tortor-a-fringilla-2\/\">Read more<\/a><\/span> <\/div> <\/div> <\/article> <article id=\"post-4282\" class=\"col-lg-3 col-md-3 col-sm-4 col-xs-6 post-4282 scalia_news type-scalia_news status-publish has-post-thumbnail hentry scalia_news_sets-news_splash\"> <a href=\"https:\/\/shoptech.media\/da\/news\/sed-lobortis-convallis-tellus\/\" class=\"default\"> <img loading=\"lazy\" decoding=\"async\" width=\"300\" height=\"128\" src=\"https:\/\/shoptech.media\/da\/wp-content\/uploads\/sites\/2\/2014\/09\/grass-300x128.jpg\" class=\"img-responsive wp-post-image\" alt=\"\" srcset=\"https:\/\/shoptech.media\/da\/wp-content\/uploads\/sites\/2\/2014\/09\/grass-300x128.jpg 300w, https:\/\/shoptech.media\/da\/wp-content\/uploads\/sites\/2\/2014\/09\/grass-1024x438.jpg 1024w, https:\/\/shoptech.media\/da\/wp-content\/uploads\/sites\/2\/2014\/09\/grass-768x328.jpg 768w, https:\/\/shoptech.media\/da\/wp-content\/uploads\/sites\/2\/2014\/09\/grass.jpg 1170w\" sizes=\"(max-width: 300px) 100vw, 300px\" \/> <\/a> <div class=\"description\"> <div class=\"title\"><a href=\"https:\/\/shoptech.media\/da\/news\/sed-lobortis-convallis-tellus\/\" rel=\"bookmark\">Corporate Terms Updated<\/a><\/div> <div class=\"summary\"> Nulla ornare, metus in scelerisque vehicula, nibh velit imperdiet velit, eget volutpat dui nisl non purus. Class aptent taciti sociosqu ad litora torquent per conubia nostra, per inceptos himenaeos. Nunc scelerisque sit amet justo sit. <\/div> <div class=\"info clearfix\"> <span class=\"date\">9 januar 2015<\/span> <span class=\"more-link \"><a href=\"https:\/\/shoptech.media\/da\/news\/sed-lobortis-convallis-tellus\/\">Read more<\/a><\/span> <\/div> <\/div> <\/article> <article id=\"post-4281\" class=\"col-lg-3 col-md-3 col-sm-4 col-xs-6 post-4281 scalia_news type-scalia_news status-publish has-post-thumbnail hentry scalia_news_sets-news_splash scalia_news_sets-news_splash_2\"> <a href=\"https:\/\/shoptech.media\/da\/news\/duis-sit-amet-erat-ac-eros-mattis-aliquet\/\" class=\"default\"> <img loading=\"lazy\" decoding=\"async\" width=\"300\" height=\"200\" src=\"https:\/\/shoptech.media\/da\/wp-content\/uploads\/sites\/2\/2014\/10\/2-300x200.jpg\" class=\"img-responsive wp-post-image\" alt=\"\" srcset=\"https:\/\/shoptech.media\/da\/wp-content\/uploads\/sites\/2\/2014\/10\/2-300x200.jpg 300w, https:\/\/shoptech.media\/da\/wp-content\/uploads\/sites\/2\/2014\/10\/2-768x512.jpg 768w, https:\/\/shoptech.media\/da\/wp-content\/uploads\/sites\/2\/2014\/10\/2.jpg 948w\" sizes=\"(max-width: 300px) 100vw, 300px\" \/> <\/a> <div class=\"description\"> <div class=\"title\"><a href=\"https:\/\/shoptech.media\/da\/news\/duis-sit-amet-erat-ac-eros-mattis-aliquet\/\" rel=\"bookmark\">New Survey Is Online!<\/a><\/div> <div class=\"summary\"> Lorem ipsum dolor sit amet, consectetur adipiscing elit. Proin molestie quam sit amet magna venenatis cursus. Mauris nisi eros, efficitur sit amet fringilla non, luctus in arcu. Morbi nec mollis libero. Sed ac orci pretium lorem ullamcorper. <\/div> <div class=\"info clearfix\"> <span class=\"date\">8 januar 2015<\/span> <span class=\"more-link \"><a href=\"https:\/\/shoptech.media\/da\/news\/duis-sit-amet-erat-ac-eros-mattis-aliquet\/\">Read more<\/a><\/span> <\/div> <\/div> <\/article>\n<\/div>[\/vc_column][\/vc_row] <\/p>\n","protected":false},"excerpt":{"rendered":"<p>[vc_row][vc_column width=&#8221;1\/1&#8243;][\/vc_column][\/vc_row][vc_row][vc_column width=&#8221;1\/2&#8243; offset=&#8221;vc_col-lg-3&#8243;][\/vc_column][vc_column width=&#8221;1\/2&#8243; offset=&#8221;vc_col-lg-3&#8243;][\/vc_column][vc_column width=&#8221;1\/2&#8243; offset=&#8221;vc_col-lg-3&#8243;][\/vc_column][vc_column width=&#8221;1\/2&#8243; offset=&#8221;vc_col-lg-3&#8243;][\/vc_column][\/vc_row][vc_row][vc_column width=&#8221;1\/1&#8243;][\/vc_column][\/vc_row][vc_row][vc_column width=&#8221;3\/4&#8243;][vc_column_text] SERVICES WE PROVIDE [\/vc_column_text][vc_accordion active_tab=&#8221;1&#8243;][vc_accordion_tab title=&#8221;Web development&#8221;][vc_column_text]Maecenas semper&#8230;<\/p>\n","protected":false},"author":1747,"featured_media":0,"parent":5167,"menu_order":0,"comment_status":"closed","ping_status":"open","template":"","meta":{"footnotes":""},"_links":{"self":[{"href":"https:\/\/shoptech.media\/da\/wp-json\/wp\/v2\/pages\/4706"}],"collection":[{"href":"https:\/\/shoptech.media\/da\/wp-json\/wp\/v2\/pages"}],"about":[{"href":"https:\/\/shoptech.media\/da\/wp-json\/wp\/v2\/types\/page"}],"author":[{"embeddable":true,"href":"https:\/\/shoptech.media\/da\/wp-json\/wp\/v2\/users\/1747"}],"replies":[{"embeddable":true,"href":"https:\/\/shoptech.media\/da\/wp-json\/wp\/v2\/comments?post=4706"}],"version-history":[{"count":0,"href":"https:\/\/shoptech.media\/da\/wp-json\/wp\/v2\/pages\/4706\/revisions"}],"up":[{"embeddable":true,"href":"https:\/\/shoptech.media\/da\/wp-json\/wp\/v2\/pages\/5167"}],"wp:attachment":[{"href":"https:\/\/shoptech.media\/da\/wp-json\/wp\/v2\/media?parent=4706"}],"curies":[{"name":"wp","href":"https:\/\/api.w.org\/{rel}","templated":true}]}}