{"id":11046,"date":"2020-03-26T07:06:52","date_gmt":"2020-03-26T07:06:52","guid":{"rendered":"https:\/\/multisite.shoptech.media\/da\/?page_id=11046"},"modified":"2020-03-26T13:42:58","modified_gmt":"2020-03-26T13:42:58","slug":"privatlivspolitik-gdpr","status":"publish","type":"page","link":"https:\/\/shoptech.media\/da\/privatlivspolitik-gdpr\/","title":{"rendered":"Privatlivspolitik &#038; GDPR"},"content":{"rendered":"<p>[vc_row][vc_column][vc_column_text]<\/p>\n<h2>Shoptech Media Privatlivs Politik<\/h2>\n<p>Denne Privatlivs Politik blev publiceret 25 Marts 2020<\/p>\n<p>Hos Shoptech er vi dedikeret n\u00e5r det kommer til beskyttelse og respekt for dit privatliv, som er i overensstemmelse med EUs General Data Protection Regulation (GDPR), dateret 27 April 2016.<br \/>\nI denne artikel vedr\u00f8rende vores privatlivs politik, forklares hvorn\u00e5r og hvorfor vi indsamler personlige information, hvordan vi bruger disse, under hvilke omst\u00e6ndigheder disse vidergives til and parter, og hvordan vi holder dem sikre.<br \/>\nDenne artikel om privatlivs politik g\u00e6lder for brug af vores produkter, for vores salg, marketing og udfyldelse af kunde kontrakter og aktiviteter. Denne g\u00e6lder ogs\u00e5 for personer som s\u00f8ger job hos Shoptech.<\/p>\n<h3>Hvem Er Vi?<\/h3>\n<p>Shoptech Media O\u00dc udvikler og leverer software som tillader salg af b\u00e5de services og fysiske produkter online. Vores selskab har hovedkvarter i Tallin, Estland, og er registreret p\u00e5 addressen: Sepapaja 6, Tallinn 15551, Estland.<\/p>\n<p>Shoptech Media O\u00dc er data ansvarlig og kan kontaktes p\u00e5 gdpr@shoptech.media<\/p>\n<h3>Personlige Informationer Som Vi Indsamler<\/h3>\n<p>Vi indsamler informationer som: Navn, Firmanavn, Land, Email Adresser og Telefonnumre, hvis du sender os en besked.<br \/>\nDisse informationer er vigtige for os, n\u00e5r vi skal besvare din henvendelse og levere en kontrakt \/ service. Vi indsamler ogs\u00e5 din email adresse og dit navn, hvis du indsender en ans\u00f8gning og \/ eller dit CV. Vi indsamler kun din email adresse hvis du tilmelder dig vores nyhedsbrev.<br \/>\nVi indsamler kun data om dig, hvis du r\u00e6kker ud telefonisk og laver en aftale med os, eller interagerer med os via sociale medier, i det tilf\u00e6lde at du \u00f8nsker et tilbud eller videre korrespondance.<br \/>\nVi indsamler ogs\u00e5 information p\u00e5 hvordan du bruger vores hjemmeside. Dette hj\u00e6lper os til at forbedre hjemmesiden l\u00f8bene, s\u00e5 vi kan bidrage med bedre indhold og funktionalitet.<\/p>\n<p>Der er tilf\u00e6lde hvor vi indsamler, gemmer og bruger f\u00f8lgende informationer:<\/p>\n<ol>\n<li>Information om din computer, hvordan du bes\u00f8ger og bruger vores hjemmeside (inklusiv din IP adresse, geografiske placering, browser type, reference kilde, varighed af bes\u00f8g p\u00e5 hjemmesiden, hvilke sider du bes\u00f8ger og forlader, samt hvor mange gange du bes\u00f8ger de enkelte sider.)<\/li>\n<li>Informationer som du giver os, for det form\u00e5l at abonnere p\u00e5 nyhedsbreve. (Inklusiv din email adresse.)<\/li>\n<li>Informationer som du giver os, i tilf\u00e6lde af jobs\u00f8gning og rekruttering. (Inklusiv dit navn og email adresse.)<\/li>\n<li>Informationer som du giver os, for det form\u00e5l at deltage i live webinarer og andre events (inklusiv dit navn, email adresse, land, firmanavn og telefonnummer.)<\/li>\n<li>Informationer som fort\u00e6ller hvordan du interagerer med vores emails ( inklusiv hvilke mails der \u00e5bnes, klikkes p\u00e5 og pr\u00e6ference oplysninger.)<\/li>\n<li>Enhver anden information som du leverer til os.<\/li>\n<\/ol>\n<h3>Retsgrundlag<\/h3>\n<p>Vi bruger accept, kontrakter og legitim interesse som GDPR basis, til at gemme og bruge dine data.<\/p>\n<h4>Legitim interesse:<\/h4>\n<p>Legitime interesser inkluderer:<\/p>\n<ol>\n<li>Besvarelser p\u00e5 henvendelser som du laver, enten p\u00e5 telefon, email, kontakt formularer eller andre metoder.<\/li>\n<li>Skr\u00e6ddersyet information som er baseret p\u00e5 din aktivitet, s\u00e5 som indhold du viser interesse i.<\/li>\n<\/ol>\n<h4>Accept<\/h4>\n<ol>\n<li>N\u00e5 vi sender emails med informationer, gode r\u00e5d og tips.<\/li>\n<\/ol>\n<p>Hvis du p\u00e5 et hvert givent tidspunkt \u00f8nsker at afmelde eller tilbagetr\u00e6kke en tidligere accept for modtagelse af nyhedsbreve og henvendelser, venligst kontakt os u bunden af denne artikel.<br \/>\nAlle vores marketing emails indeholder link til afmelding.<\/p>\n<h4>Kontrakter<\/h4>\n<p>Vi bruger personlige informationer til at udfylde vores forpligtelser, som relaterer til kontrakter og aftaler som vi laver med kunder, partnere og leverand\u00f8rer.<\/p>\n<h3>Cookies &amp; Analytics<\/h3>\n<p>Vi bruger cookies og analyse teknologier til at indsamle bruger og aktivitets informationer p\u00e5 vores hjemmeside. Disse informationer hj\u00e6lper os med at analysere vores hjemmeside, hvordan den bruges og hvordan den leverer de information som der s\u00f8ges efter.<\/p>\n<p>En cookie indeholder informationer som sendes af en web server og gemmes af browseren. Denne information bliver sendt tilbage til serveren hver gang browseren anmoder om en side fra serveren. Dette s\u00f8rger for at webserveren kan identificere og spore webbrowseren.<\/p>\n<p>Der er tilf\u00e6lde hvor vi b\u00e5de bruger session cookies og vedvarende cookies p\u00e5 vores hjemmeside.<br \/>\nVi bruger session cookies til at spore dig n\u00e5r du navigerer p\u00e5 hjemmesiden. Vi bruger vedvarende cookies til at at g\u00f8re det muligt for vores hjemmeside at genkende dig n\u00e5r du bes\u00f8ger os.<\/p>\n<p>Session cookies bliver automatisk slettet n\u00e5r du lukker din browser. Vedvarende cookies gemmes p\u00e5 din computer til de enten slettes eller n\u00e5r deres udl\u00f8bsdato.<\/p>\n<p>Vi bruger Analytics til at analysere brugen af vores hjemmeside. Dette genererer statistiker og andre informationer om brugen af vores hjemmeside.<\/p>\n<p>De fleste browsere tillader dig at afvise alle cookies, hvor nogle enkelte browsere tillader dig at du kan afvise 3. part cookies.<br \/>\nI eks. Chrome kan du afvise alle cookies ved at klikke p\u00e5 din browsers indstillinger, og i bunden klikke &#8220;Avanceret&#8221;. Under Privatliv og sikkerhed&#8221; klik p\u00e5 indholds indstillinger, derefer klik p\u00e5 Cookies. Herfra kan du t\u00e6nde eller slukke for cookies.\u00a0 Du kan se instruktioner her <a href=\"https:\/\/support.google.com\/accounts\/answer\/61416\" target=\"_blank\" rel=\"noopener noreferrer\">her.<\/a><\/p>\n<p>Hvis du blokerer alle cookies, vil du opleve en negativ effekt i forhold til funktioner og brug p\u00e5 mange hjemmesider, inklusiv vores hjemmeside.<\/p>\n<h3>Brug Af Dine Personlige Informationer<\/h3>\n<p>Hvis du tilmelder dig marketing s\u00e5 bruger vi dine informationer til at g\u00f8re vores marketing relevant for dig. Hvis du tilmelder dig et event, s\u00e5 bruges dine informationer til at holde dig opdateret (s\u00e5 som webinars eller demo pr\u00e6sentationer), eller hvis du kontakter os via en formular, s\u00e5 vil dine informationer gemmes for at vi kan give dig et svar p\u00e5 din henvendelse.<br \/>\nInformationer om brugen af vores hjemmeside, bruges kun til at hj\u00e6lpe os til at forbedre hjemmesiden l\u00f8bene.<\/p>\n<p>Personlige informationer som er sendt via denne hjemmeside, vil blive til form\u00e5l som specificeres i denne privatlivs politik og i andre relevante dele af denne hjemmeside.<\/p>\n<p>Det h\u00e6nder at vi ogs\u00e5 bruger dine informationer til:<\/p>\n<ol>\n<li>Administrere denne hjemmeside<\/li>\n<li>Besvarer og behandler jobans\u00f8gninger<\/li>\n<li>Forbedrer din oplevelse ved at personligg\u00f8re hjemmesiden<\/li>\n<li>Sende dig generelle (ikke marketing) beskeder<\/li>\n<li>Sende dig svar p\u00e5 din henvendelse<\/li>\n<li>Sende dig et nyhedsbrev eller andre marketing relaterede henvendelser som relaterer til din virksomhed, hvor du specifikt har accepteret at du \u00f8nsker dette. (Du kan altid informere os hvis du ikke l\u00e6ngere \u00f8nsker disse former for henvendelser).<\/li>\n<\/ol>\n<p>Vi vil aldrig vidergive dine personlige informationer til tredje parter, med det marketing som henblik!<\/p>\n<h3>Oplysninger<\/h3>\n<p>Vi hverken s\u00e6lger eller udlejer information om dig.<\/p>\n<p>Under visse betingelser vidergives oplysninger om dig til vores ansatte i forbindelse med udvikling eller support. Kun ved godkendelse fra dig, kan oplysninger videregives hvis det er til fordel for dig og din virksomhed, og vi har skriftligt samtykke herom, i tilf\u00e6lde af at dette er dit eget \u00f8nske.<\/p>\n<h3>International Overf\u00f8rsel Af Informationer<\/h3>\n<p>Nogle af de virksomheder som vi arbejder med, er placeret uden for EEA, hvilket betyder at de har datalove som ikke er s\u00e5 skrappe. Vi samarbejder kun med virksomheder hvor vi kan stole p\u00e5, at dine informationer er sikre og beskyttede, og at der kun vidergives informationer som har til hensigt at forbedre vores service for dig og din virksomhed.<\/p>\n<h3>Security of Your Personal Information<\/h3>\n<p>We will take reasonable technical and organizational precautions to prevent the loss, misuse or alteration of your personal information.<\/p>\n<p>We continually adapt our security measures in line with technological progress and developments.<\/p>\n<p>We will store all the personal information you provide on our secure (password protected, and firewall protected) servers.<\/p>\n<h3>Email Politik<\/h3>\n<p>Vi sender kun emails til kunder og abonnenter. Du kontrollere selv den kommunikation som du modtager og kan til en hver tid afmelde modtagelse og fjerne dig som abonnent af marketing mail og nyhedsbreve.<br \/>\nKunder vil dog altid modtage vigtig information i forhold til service og produkter som de k\u00f8ber af Shoptech Media.<\/p>\n<p>Shoptech Media bevarer en streng accept politik n\u00e5r det kommer til email kommunikation. Vi sender kun emails til personer som har accepteret modtagelse, eller som er i relation til vores service og vores virksomhed.<\/p>\n<h3>Shoptech mailing lister og abonnement muligheder<\/h3>\n<h4>Marketing<\/h4>\n<p>Vi holder dig opdateret med hvad der sker i forhold til udvikling og e-commerce verdenen, og bidrager til viden om hvordan vores l\u00f8sning kan hj\u00e6lpe dig som e-k\u00f8bmand.<\/p>\n<p>Indhold som du modtager kan inkludere f\u00f8lgende:<\/p>\n<ul>\n<li>Events \u2013\u00a0 Invitationer til events og webinars som vi arrangerer<\/li>\n<li>Blogs \u2013\u00a0 Fremh\u00e6vning af blog indl\u00e6g som er relevant for din virksomhed<\/li>\n<li>Case Studies \u2013 Fremh\u00e6vning af andre virksomheders success historier, som kan \u00f8ge niveauet for din virksomhed<\/li>\n<li>Change Logs \u2013 Nyheder ang\u00e5ende \u00e6ndringer, nye produkter og funktionalitet som implementeres m\u00e5nedligt<\/li>\n<li>Guides \u2013 Fremh\u00e6vede dybdeg\u00e5ende guides som er relevant for dig<\/li>\n<li>Meningsm\u00e5linger \u2013 Foresp\u00f8rgsel p\u00e5 feedback til hvordan vi kan tilbyde dig bedre produkter og services som er fordelagtig for din virksomhed<\/li>\n<li>Product Awareness \u2013 Lejlighedsvis fremh\u00e6vning af produkter for email marketing, og info om hvordan du kan udnytte dette til din success<\/li>\n<li>S\u00e6sonkampagner \u2013 Lejlighedsvise tilbud p\u00e5 funktionaliteter fra Shoptech Marketing<\/li>\n<\/ul>\n<h3>Opdatering af Privatlivs Politik<\/h3>\n<p>Vi vil, hvis det er form\u00e5lstjenstligt for os, \u00e6ndre og opdatere denne privatlivs politik, i den grad det er relevant for os. Skulle dette have en indflydelse p\u00e5 dig i din relation til os eller for din virksomhed, s\u00e5 vil vi informere dig om \u00e6ndringerne p\u00e5 forh\u00e5nd.<\/p>\n<p>&nbsp;<\/p>\n<h3>Integrationer Og Partnerskab<\/h3>\n<p>Shoptech har partnere inden for andre tredje parts software og service udbydere. Dette kan inkludere moduler og hosting.<br \/>\nVi samarbejder kun med partnerskaber som lever op til vores krav om privatlivssikkerhed og GDPR.<br \/>\nDenne sektion henviser til 3. parter som vi benytter os af:<\/p>\n<h4>Proficonf<\/h4>\n<p>Vi bruger dette system til online m\u00f8der<\/p>\n<p>Vil du vide mere om Proficonf s\u00e5 <a href=\"https:\/\/proficonf.com\/legal\/terms-of-service\/\">klik her for at se deres betingelser.<\/a><\/p>\n<h4>Facebook<\/h4>\n<p>Vi driver prestashop og thirtybees danmark p\u00e5 Facebook, hvor vi hj\u00e6lper med sp\u00f8rgsm\u00e5l for disse systemer. Samtidigt skaber vi kontakter og relationer via dette medie. <a href=\"https:\/\/www.facebook.com\/terms.php\">Du kan l\u00e6se Facebooks betingelser her.<\/a><\/p>\n<h3>\u00c6ndringer af Privatlivs Politik<\/h3>\n<p>Vi opdaterer privat livs polikken fra tid til anden, og den seneste version vil altid kunne findes online her. Hvis vi laver \u00e6ndringer som har en betydning for dig og din virksomhed, s\u00e5 bliver du notificeret p\u00e5 forh\u00e5nd via email.<\/p>\n<h3>Dine Rettigheder<\/h3>\n<h4>Retten til adgang til oplysninger<\/h4>\n<p>Du kan til enhver tid f\u00e5 adgang til hvilke oplysninger vi har om dig. Blot skriv til os p\u00e5 gdpr@shoptech.media med din foresp\u00f8rgsel, og vi vil give dig indblik i hvilke oplysninger vi er i bessiddelse af.<\/p>\n<h4>Ret til at frasige sig marketing<\/h4>\n<p>Du kan skrive til os p\u00e5 gdpr@shoptech.media hvis du vil afmelde marketing emails eller fjernes fra vores email list.<\/p>\n<h4>Ret til opdatering af informationer<\/h4>\n<p>Venligst r\u00e6k ud hvis de informationer vi er i besiddelse af, ikke l\u00e6ngere er korrekte. Send en email p\u00e5 gdpr@shoptech.media, og vi vil hurtigt opdatere oplysningerne.<\/p>\n<h4>Ret til at blive glemt<\/h4>\n<p>Du har retten til at bede os om at slette al personlig information som vi har p\u00e5 dig, s\u00e5 l\u00e6nge du ikke er vores kunde.<br \/>\nEr du vores kunde skal samarbejde oph\u00f8re f\u00f8r vi kan slette dine oplysninger.<br \/>\nDu kan skrive til os hvis du \u00f8nsker oplysninger slettet p\u00e5 gdpr@shoptech.media<\/p>\n<h4>Retten til at klage via tilsynsmyndighed<\/h4>\n<p>Du har retten til at klage via tilsynsmyndighed (Datatilsynet) hvis du mener vi ikke overholder g\u00e6ldende regler.<\/p>\n<h3>Tilbageholdelse af personlige informationer<\/h3>\n<p>Vi gemmer personlig data s\u00e5 l\u00e6nge det tjener et form\u00e5l og er n\u00f8dvendigt, i forhold til hvorfor data blev indsamlet. I lyset af at vi har brug for oplysningerne for at kunne give dig svar p\u00e5 henvendelser, nyheder om opdateringer, \u00e6ndringer i forhold til services og produkter, l\u00f8sning af problemer. Alle oplysninger som ikke har et direkte form\u00e5l i forhold til at tjene dig, bliver ikke gemt og vi overholder dine rettigheder i forhold til GDPR lovgivningen.<\/p>\n<p>Dette betyder dog at vi kan tilbageholde dine personlige data inden for en rimelig periode efter vores sidste kommunikation med hinanden.<br \/>\nN\u00e5r den data ikke l\u00e6ngere tjener et form\u00e5l, slettes den p\u00e5 sikker vis.<br \/>\nData vedr\u00f8rende statistik bliver anonymiseret og er ikke p\u00e5 nogen m\u00e5de personhenf\u00f8rbar.<\/p>\n<h3>Kontakt<\/h3>\n<p>Har du nogle sp\u00f8rgsm\u00e5l, s\u00e5 kan du skrive til os p\u00e5 gdpr@shoptech.media.[\/vc_column_text][\/vc_column][\/vc_row]<\/p>\n","protected":false},"excerpt":{"rendered":"<p>[vc_row][vc_column][vc_column_text] Shoptech Media Privatlivs Politik Denne Privatlivs Politik blev publiceret 25 Marts 2020 Hos Shoptech er vi dedikeret n\u00e5r det&#8230;<\/p>\n","protected":false},"author":1,"featured_media":0,"parent":0,"menu_order":0,"comment_status":"closed","ping_status":"closed","template":"","meta":{"footnotes":""},"_links":{"self":[{"href":"https:\/\/shoptech.media\/da\/wp-json\/wp\/v2\/pages\/11046"}],"collection":[{"href":"https:\/\/shoptech.media\/da\/wp-json\/wp\/v2\/pages"}],"about":[{"href":"https:\/\/shoptech.media\/da\/wp-json\/wp\/v2\/types\/page"}],"author":[{"embeddable":true,"href":"https:\/\/shoptech.media\/da\/wp-json\/wp\/v2\/users\/1"}],"replies":[{"embeddable":true,"href":"https:\/\/shoptech.media\/da\/wp-json\/wp\/v2\/comments?post=11046"}],"version-history":[{"count":5,"href":"https:\/\/shoptech.media\/da\/wp-json\/wp\/v2\/pages\/11046\/revisions"}],"predecessor-version":[{"id":11055,"href":"https:\/\/shoptech.media\/da\/wp-json\/wp\/v2\/pages\/11046\/revisions\/11055"}],"wp:attachment":[{"href":"https:\/\/shoptech.media\/da\/wp-json\/wp\/v2\/media?parent=11046"}],"curies":[{"name":"wp","href":"https:\/\/api.w.org\/{rel}","templated":true}]}}