{"id":10979,"date":"2020-03-20T12:50:23","date_gmt":"2020-03-20T12:50:23","guid":{"rendered":"https:\/\/multisite.shoptech.media\/da\/?page_id=10979"},"modified":"2020-08-06T07:12:12","modified_gmt":"2020-08-06T07:12:12","slug":"cases","status":"publish","type":"page","link":"https:\/\/shoptech.media\/da\/cases\/","title":{"rendered":"Cases"},"content":{"rendered":"<p>[vc_row css=&#8221;.vc_custom_1584953784463{padding-right: 50px !important;padding-left: 50px !important;}&#8221;][vc_column width=&#8221;1\/2&#8243; css=&#8221;.vc_custom_1585033802185{padding-top: 150px !important;}&#8221;][vc_column_text]<\/p>\n<h2>Konfigurator for filmfremkaldelse, og bestilling af pasfoto online<\/h2>\n<p>Silkefoto er m\u00e5ske bedst kendt for sin produktion af fotoprodukter, og online l\u00f8sning hvor du kan sidde og designe disse hjemme ved computeren.<br \/>\nMen Silkefoto har ogs\u00e5 fysiske forretninger hvortil vi har bygget en shop, som flytter butikkerne online.<br \/>\nUd over fysiske produkter, fremkalder Silkefoto ogs\u00e5 analoge film som kan bestilles online p\u00e5 shoppen.<br \/>\nTil det har vi bygget en k\u00f8bsoplevelse til fotograferne, s\u00e5 de kan tilpasse deres bestilling individuelt som de \u00f8nsker det.<br \/>\nSilkefoto.dk tilbyder ogs\u00e5 bestilling af pasbilleder taget fra din egen mobil, og sammen med den omfattende guide p\u00e5 bestillingssiden, kan du uploade og justere dit billede s\u00e5 de kan godkendes til brug af pas og k\u00f8rekort.[\/vc_column_text][\/vc_column][vc_column width=&#8221;1\/2&#8243;][vc_single_image image=&#8221;11406&#8243; img_size=&#8221;large&#8221; css=&#8221;.vc_custom_1596697922907{padding-top: 10px !important;padding-right: 10px !important;padding-bottom: 10px !important;padding-left: 10px !important;}&#8221;][\/vc_column][\/vc_row][vc_row css=&#8221;.vc_custom_1584953709722{padding-right: 50px !important;padding-left: 50px !important;}&#8221;][vc_column width=&#8221;1\/2&#8243;][vc_single_image image=&#8221;11007&#8243; img_size=&#8221;large&#8221; css_animation=&#8221;none&#8221; css=&#8221;.vc_custom_1585144525580{padding-top: 10px !important;padding-right: 10px !important;padding-bottom: 10px !important;padding-left: 10px !important;}&#8221;][\/vc_column][vc_column width=&#8221;1\/2&#8243; css=&#8221;.vc_custom_1585037072011{padding-top: 130px !important;}&#8221;][vc_column_text]<\/p>\n<h2>Generer gavekort fra dine tidligere k\u00f8b<\/h2>\n<p>P\u00e5 <a href=\"http:\/\/joybuggy.dk\">joybuggy.dk<\/a> kan du lave dit k\u00f8b om til et gavekort.<br \/>\nVed k\u00f8b af spil og programmer f\u00f8lger der altid licenskoder med, og i denne case har vi gjort s\u00e5dan at licenskoden automatisk genereres p\u00e5 gavekort, som kan printes ud og gives til en gamer du holder af.[\/vc_column_text][\/vc_column][\/vc_row][vc_row css=&#8221;.vc_custom_1584953751173{padding-right: 50px !important;padding-left: 50px !important;}&#8221;][vc_column width=&#8221;1\/2&#8243; css=&#8221;.vc_custom_1584968798297{padding-top: 130px !important;}&#8221;][vc_column_text]<\/p>\n<h2>K\u00f8b tr\u00e6 i meterm\u00e5l<\/h2>\n<p>N\u00e5r man som <a href=\"http:\/\/maderawebshop.dk\">maderawebshop.dk<\/a> har kunder som har behov for at k\u00f8be et antal kvadratmeter tr\u00e6 til sin nye terrasse, s\u00e5 skal tr\u00e6et k\u00f8bes i forskellige l\u00e6ngder.<br \/>\nDet kan du hos Maderawebshop.dk, hvor vi har leveret et system som g\u00f8r det muligt, at sammens\u00e6tte den m\u00e6ngde tr\u00e6 der er behov for.<br \/>\nSamtidigt er det ogs\u00e5 muligt p\u00e5 denne shop, at give en procent rabat, hvis man k\u00f8ber et antal kvadratmeter, som selvf\u00f8lgelig defineres af webshoppen.<br \/>\nSamtidigt ved systemet hvor meget tilbeh\u00f8r som der er brug for, ud fra den m\u00e6ngde tr\u00e6 som k\u00f8bes. Dette tilbeh\u00f8r bliver automatisk vist til kunden.<br \/>\nDet hele h\u00e5ndteres i 1 produktside.[\/vc_column_text][\/vc_column][vc_column width=&#8221;1\/2&#8243;][vc_single_image image=&#8221;10998&#8243; img_size=&#8221;large&#8221; css_animation=&#8221;none&#8221; css=&#8221;.vc_custom_1585144500723{padding-top: 10px !important;padding-right: 10px !important;padding-bottom: 10px !important;padding-left: 10px !important;}&#8221;][\/vc_column][\/vc_row][vc_row css=&#8221;.vc_custom_1584953767390{padding-right: 50px !important;padding-left: 50px !important;}&#8221;][vc_column width=&#8221;1\/2&#8243;][vc_single_image image=&#8221;11003&#8243; img_size=&#8221;large&#8221; css=&#8221;.vc_custom_1585031793051{padding-top: 10px !important;padding-right: 10px !important;padding-bottom: 10px !important;padding-left: 10px !important;}&#8221;][\/vc_column][vc_column width=&#8221;1\/2&#8243; css=&#8221;.vc_custom_1585032141595{padding-top: 90px !important;}&#8221;][vc_column_text]<\/p>\n<h2>Aldersbekr\u00e6ftelse og hjemmelevering<\/h2>\n<p>Hos Dampexperten er det et krav at man er over 18 \u00e5r, hvis man vil handle p\u00e5 deres webshop.<br \/>\nEn simpel popup informere og kr\u00e6ver at man bekr\u00e6fter at man er over 18 \u00e5r gammel, f\u00f8r man kan komme videre.<br \/>\nDampexperten \u00f8nsker at tilbyde hjemmelevering, inden for en angivet radius af deres fysiske butik, og derfor tilf\u00f8jede vi yderligere felter i checkout, for borgere som kommer fra samme by som butikken.<br \/>\nDette styres af postnummeret, og de nye felter med bydelene giver kunderne mulighed for at v\u00e6lge at f\u00e5 hjemmelevering for et ekstra bel\u00f8b som angives af shoppen.[\/vc_column_text][\/vc_column][\/vc_row][vc_row][vc_column width=&#8221;1\/2&#8243;][\/vc_column][vc_column width=&#8221;1\/2&#8243;][\/vc_column][\/vc_row]<\/p>\n","protected":false},"excerpt":{"rendered":"<p>[vc_row css=&#8221;.vc_custom_1584953784463{padding-right: 50px !important;padding-left: 50px !important;}&#8221;][vc_column width=&#8221;1\/2&#8243; css=&#8221;.vc_custom_1585033802185{padding-top: 150px !important;}&#8221;][vc_column_text] Konfigurator for filmfremkaldelse, og bestilling af pasfoto online Silkefoto er&#8230;<\/p>\n","protected":false},"author":1,"featured_media":0,"parent":0,"menu_order":0,"comment_status":"closed","ping_status":"closed","template":"","meta":{"footnotes":""},"_links":{"self":[{"href":"https:\/\/shoptech.media\/da\/wp-json\/wp\/v2\/pages\/10979"}],"collection":[{"href":"https:\/\/shoptech.media\/da\/wp-json\/wp\/v2\/pages"}],"about":[{"href":"https:\/\/shoptech.media\/da\/wp-json\/wp\/v2\/types\/page"}],"author":[{"embeddable":true,"href":"https:\/\/shoptech.media\/da\/wp-json\/wp\/v2\/users\/1"}],"replies":[{"embeddable":true,"href":"https:\/\/shoptech.media\/da\/wp-json\/wp\/v2\/comments?post=10979"}],"version-history":[{"count":20,"href":"https:\/\/shoptech.media\/da\/wp-json\/wp\/v2\/pages\/10979\/revisions"}],"predecessor-version":[{"id":11407,"href":"https:\/\/shoptech.media\/da\/wp-json\/wp\/v2\/pages\/10979\/revisions\/11407"}],"wp:attachment":[{"href":"https:\/\/shoptech.media\/da\/wp-json\/wp\/v2\/media?parent=10979"}],"curies":[{"name":"wp","href":"https:\/\/api.w.org\/{rel}","templated":true}]}}